{"id":55,"date":"2015-11-05T23:47:07","date_gmt":"2015-11-05T23:47:07","guid":{"rendered":"http:\/\/ramblingrose.ch\/?page_id=55"},"modified":"2026-05-04T14:02:53","modified_gmt":"2026-05-04T14:02:53","slug":"meine-reisen","status":"publish","type":"page","link":"https:\/\/ramblingrose.ch\/?page_id=55","title":{"rendered":"Meine Reisen:"},"content":{"rendered":"<p>Auf dieser Landkarte sieht man meine besuchten L\u00e4nder. Es sind aktuell 72 L\u00e4nder.<\/p>\n<p><img loading=\"lazy\" decoding=\"async\" class=\"alignnone size-full wp-image-9395\" src=\"https:\/\/ramblingrose.ch\/wp-content\/uploads\/2020\/04\/Welt.jpg\" alt=\"\" width=\"454\" height=\"319\" srcset=\"https:\/\/ramblingrose.ch\/wp-content\/uploads\/2020\/04\/Welt.jpg 454w, https:\/\/ramblingrose.ch\/wp-content\/uploads\/2020\/04\/Welt-300x211.jpg 300w\" sizes=\"auto, (max-width: 454px) 100vw, 454px\" \/><\/p>\n<p>Die Welt hat sich ver\u00e4ndert seit meiner Jugend. Von einigen L\u00e4ndern habe ich nur einen kleinen Teil gesehen, wie z.B. von Kanada nur Toronto oder Hongkong in China oder Rio in Brasilien. Die Zwischenlandungen bei Fl\u00fcgen rechne ich jetzt nicht.<\/p>\n<p>Sorry, es geht im Blog r\u00fcckw\u00e4rts. Bitte rechts unter den Monaten anklicken.<\/p>\n","protected":false},"excerpt":{"rendered":"<p>Auf dieser Landkarte sieht man meine besuchten L\u00e4nder. Es sind aktuell 72 L\u00e4nder. Die Welt hat sich ver\u00e4ndert seit meiner Jugend. Von einigen L\u00e4ndern habe ich nur einen kleinen Teil gesehen, wie z.B. von Kanada nur Toronto oder Hongkong in China oder Rio in Brasilien. Die Zwischenlandungen bei Fl\u00fcgen rechne ich jetzt nicht. Sorry, es [&hellip;]<\/p>\n","protected":false},"author":1,"featured_media":0,"parent":0,"menu_order":1,"comment_status":"closed","ping_status":"closed","template":"","meta":{"footnotes":""},"class_list":["post-55","page","type-page","status-publish","hentry"],"_links":{"self":[{"href":"https:\/\/ramblingrose.ch\/index.php?rest_route=\/wp\/v2\/pages\/55","targetHints":{"allow":["GET"]}}],"collection":[{"href":"https:\/\/ramblingrose.ch\/index.php?rest_route=\/wp\/v2\/pages"}],"about":[{"href":"https:\/\/ramblingrose.ch\/index.php?rest_route=\/wp\/v2\/types\/page"}],"author":[{"embeddable":true,"href":"https:\/\/ramblingrose.ch\/index.php?rest_route=\/wp\/v2\/users\/1"}],"replies":[{"embeddable":true,"href":"https:\/\/ramblingrose.ch\/index.php?rest_route=%2Fwp%2Fv2%2Fcomments&post=55"}],"version-history":[{"count":24,"href":"https:\/\/ramblingrose.ch\/index.php?rest_route=\/wp\/v2\/pages\/55\/revisions"}],"predecessor-version":[{"id":15154,"href":"https:\/\/ramblingrose.ch\/index.php?rest_route=\/wp\/v2\/pages\/55\/revisions\/15154"}],"wp:attachment":[{"href":"https:\/\/ramblingrose.ch\/index.php?rest_route=%2Fwp%2Fv2%2Fmedia&parent=55"}],"curies":[{"name":"wp","href":"https:\/\/api.w.org\/{rel}","templated":true}]}}