{"id":115,"date":"2015-11-22T22:07:43","date_gmt":"2015-11-22T22:07:43","guid":{"rendered":"http:\/\/ramblingrose.ch\/?page_id=115"},"modified":"2016-08-19T14:59:44","modified_gmt":"2016-08-19T14:59:44","slug":"fruehere-reisen-amerika-197879","status":"publish","type":"page","link":"https:\/\/ramblingrose.ch\/?page_id=115","title":{"rendered":"Fr\u00fchere Reisen: Amerika 1978\/79"},"content":{"rendered":"<p>Das Auto ist in Arbeit und alles l\u00e4uft bestens. Jetzt muss ich warten und das tut man nicht gerne. Deshalb m\u00f6chte ich euch in der Zwischenzeit mit einigen M\u00fcsterchen aus meiner Amerika-Reise unterhalten.<\/p>\n<p>Im Herbst 1987 machte ich meine grosse Lebensreise. 7 Monate Amerika, von Toronto bis Argentinien. Zusammen mit D. die ich im Lehrlingsturnen kennengelernt hatte. Sie lernte K\u00f6chin\/Di\u00e4tk\u00f6chin und ich R\u00f6ntgenassistentin am Universit\u00e4tsspital Z\u00fcrich. Es war w\u00e4hrend einer Turnstunde, wo wir spontan auf die Idee kamen, nach Abschluss der Ausbildung zusammen nach Amerika zu gehen.<\/p>\n<p>Wir mussten dazu noch 2 Jahre warten. In diesen 2 Jahren haben wir Spanisch gelernt, Geld gespart und uns vorbereitet (vor allem durch Impfungen).<\/p>\n<p>Ich war im Fr\u00fchjahr mit der Ausbildung dann fertig und konnte im Sommer eine Stellvertretung annehmen, so dass ich deshalb mehr Geld verdiente und konnte so noch mehr sparen als sonst. Wir hatten pro Monat ca. 1000 Fr. zur Verf\u00fcgung.<\/p>\n<p>Da ich einen Monat fr\u00fcher fertig war mit der Arbeit als D. und ausserdem einen Vater hatte, der bei der Swissair arbeitet (ja, daher kam meine Reiselust), flog ich einen Monat fr\u00fcher weg und zwar an eine Destination, die Swissair anflog. Ich w\u00e4hlte Chicago. D. hingegen hatte einen Direktflug nach Mexico City buchen k\u00f6nnen, welches die Swissair nicht anflog. Dort w\u00fcrden wir uns dann Anfang Oktober 1978 treffen.<\/p>\n<blockquote class=\"wp-embedded-content\" data-secret=\"RGNnrX20Uq\"><p><a href=\"https:\/\/ramblingrose.ch\/?p=142\">USA 1978 &#8211; Canyons in Pudding<\/a><\/p><\/blockquote>\n<p><iframe loading=\"lazy\" class=\"wp-embedded-content\" sandbox=\"allow-scripts\" security=\"restricted\" style=\"position: absolute; visibility: hidden;\" title=\"&#8222;USA 1978 &#8211; Canyons in Pudding&#8220; &#8211; Rambling Rose\" src=\"https:\/\/ramblingrose.ch\/?p=142&#038;embed=true#?secret=apfx9r7oYT#?secret=RGNnrX20Uq\" data-secret=\"RGNnrX20Uq\" width=\"600\" height=\"338\" frameborder=\"0\" marginwidth=\"0\" marginheight=\"0\" scrolling=\"no\"><\/iframe><\/p>\n<blockquote class=\"wp-embedded-content\" data-secret=\"EQDViLNcp6\"><p><a href=\"https:\/\/ramblingrose.ch\/?p=162\">Mexikanische N\u00e4chte und Weihnachten in Honduras 1978<\/a><\/p><\/blockquote>\n<p><iframe loading=\"lazy\" class=\"wp-embedded-content\" sandbox=\"allow-scripts\" security=\"restricted\" style=\"position: absolute; clip: rect(1px, 1px, 1px, 1px);\" title=\"&#8222;Mexikanische N\u00e4chte und Weihnachten in Honduras 1978&#8220; &#8212; Rambling Rose\" src=\"https:\/\/ramblingrose.ch\/?p=162&#038;embed=true#?secret=5QaPrTD5O5#?secret=EQDViLNcp6\" data-secret=\"EQDViLNcp6\" width=\"600\" height=\"338\" frameborder=\"0\" marginwidth=\"0\" marginheight=\"0\" scrolling=\"no\"><\/iframe><\/p>\n<blockquote class=\"wp-embedded-content\" data-secret=\"BozutFUFMG\"><p><a href=\"https:\/\/ramblingrose.ch\/?p=172\">Abenteuer in Panama 1979<\/a><\/p><\/blockquote>\n<p><iframe loading=\"lazy\" class=\"wp-embedded-content\" sandbox=\"allow-scripts\" security=\"restricted\" style=\"position: absolute; clip: rect(1px, 1px, 1px, 1px);\" title=\"&#8222;Abenteuer in Panama 1979&#8220; &#8212; Rambling Rose\" src=\"https:\/\/ramblingrose.ch\/?p=172&#038;embed=true#?secret=WQKDBWWCFI#?secret=BozutFUFMG\" data-secret=\"BozutFUFMG\" width=\"600\" height=\"338\" frameborder=\"0\" marginwidth=\"0\" marginheight=\"0\" scrolling=\"no\"><\/iframe><\/p>\n<blockquote class=\"wp-embedded-content\" data-secret=\"yx5vSuocmN\"><p><a href=\"https:\/\/ramblingrose.ch\/?p=176\">Kolumbianisches Reitvergn\u00fcgen 1979<\/a><\/p><\/blockquote>\n<p><iframe loading=\"lazy\" class=\"wp-embedded-content\" sandbox=\"allow-scripts\" security=\"restricted\" style=\"position: absolute; clip: rect(1px, 1px, 1px, 1px);\" title=\"&#8222;Kolumbianisches Reitvergn\u00fcgen 1979&#8220; &#8212; Rambling Rose\" src=\"https:\/\/ramblingrose.ch\/?p=176&#038;embed=true#?secret=6wVt2IArx8#?secret=yx5vSuocmN\" data-secret=\"yx5vSuocmN\" width=\"600\" height=\"338\" frameborder=\"0\" marginwidth=\"0\" marginheight=\"0\" scrolling=\"no\"><\/iframe><\/p>\n<blockquote class=\"wp-embedded-content\" data-secret=\"T3RkxVnPIW\"><p><a href=\"https:\/\/ramblingrose.ch\/?p=196\">Interessantes Peru 1979<\/a><\/p><\/blockquote>\n<p><iframe loading=\"lazy\" class=\"wp-embedded-content\" sandbox=\"allow-scripts\" security=\"restricted\" style=\"position: absolute; clip: rect(1px, 1px, 1px, 1px);\" title=\"&#8222;Interessantes Peru 1979&#8220; &#8212; Rambling Rose\" src=\"https:\/\/ramblingrose.ch\/?p=196&#038;embed=true#?secret=YtxK7fyvkQ#?secret=T3RkxVnPIW\" data-secret=\"T3RkxVnPIW\" width=\"600\" height=\"338\" frameborder=\"0\" marginwidth=\"0\" marginheight=\"0\" scrolling=\"no\"><\/iframe><\/p>\n<blockquote class=\"wp-embedded-content\" data-secret=\"eKTpPbGKGI\"><p><a href=\"https:\/\/ramblingrose.ch\/?p=205\">Hoch hinaus in Bolivien 1979 und Bahnfahrt durch die W\u00fcste<\/a><\/p><\/blockquote>\n<p><iframe loading=\"lazy\" class=\"wp-embedded-content\" sandbox=\"allow-scripts\" security=\"restricted\" style=\"position: absolute; clip: rect(1px, 1px, 1px, 1px);\" title=\"&#8222;Hoch hinaus in Bolivien 1979 und Bahnfahrt durch die W\u00fcste&#8220; &#8212; Rambling Rose\" src=\"https:\/\/ramblingrose.ch\/?p=205&#038;embed=true#?secret=jReOeZIUqn#?secret=eKTpPbGKGI\" data-secret=\"eKTpPbGKGI\" width=\"600\" height=\"338\" frameborder=\"0\" marginwidth=\"0\" marginheight=\"0\" scrolling=\"no\"><\/iframe><\/p>\n<blockquote class=\"wp-embedded-content\" data-secret=\"bDVT02mH4Y\"><p><a href=\"https:\/\/ramblingrose.ch\/?p=228\">S\u00fcsses Argentinien 1979 und der Rest unserer Reise<\/a><\/p><\/blockquote>\n<p><iframe loading=\"lazy\" class=\"wp-embedded-content\" sandbox=\"allow-scripts\" security=\"restricted\" style=\"position: absolute; clip: rect(1px, 1px, 1px, 1px);\" title=\"&#8222;S\u00fcsses Argentinien 1979 und der Rest unserer Reise&#8220; &#8212; Rambling Rose\" src=\"https:\/\/ramblingrose.ch\/?p=228&#038;embed=true#?secret=W9i9MWlHRn#?secret=bDVT02mH4Y\" data-secret=\"bDVT02mH4Y\" width=\"600\" height=\"338\" frameborder=\"0\" marginwidth=\"0\" marginheight=\"0\" scrolling=\"no\"><\/iframe><\/p>\n","protected":false},"excerpt":{"rendered":"<p>Das Auto ist in Arbeit und alles l\u00e4uft bestens. Jetzt muss ich warten und das tut man nicht gerne. Deshalb m\u00f6chte ich euch in der Zwischenzeit mit einigen M\u00fcsterchen aus meiner Amerika-Reise unterhalten. Im Herbst 1987 machte ich meine grosse Lebensreise. 7 Monate Amerika, von Toronto bis Argentinien. Zusammen mit D. die ich im Lehrlingsturnen [&hellip;]<\/p>\n","protected":false},"author":1,"featured_media":0,"parent":0,"menu_order":4,"comment_status":"closed","ping_status":"closed","template":"","meta":{"footnotes":""},"class_list":["post-115","page","type-page","status-publish","hentry"],"_links":{"self":[{"href":"https:\/\/ramblingrose.ch\/index.php?rest_route=\/wp\/v2\/pages\/115","targetHints":{"allow":["GET"]}}],"collection":[{"href":"https:\/\/ramblingrose.ch\/index.php?rest_route=\/wp\/v2\/pages"}],"about":[{"href":"https:\/\/ramblingrose.ch\/index.php?rest_route=\/wp\/v2\/types\/page"}],"author":[{"embeddable":true,"href":"https:\/\/ramblingrose.ch\/index.php?rest_route=\/wp\/v2\/users\/1"}],"replies":[{"embeddable":true,"href":"https:\/\/ramblingrose.ch\/index.php?rest_route=%2Fwp%2Fv2%2Fcomments&post=115"}],"version-history":[{"count":3,"href":"https:\/\/ramblingrose.ch\/index.php?rest_route=\/wp\/v2\/pages\/115\/revisions"}],"predecessor-version":[{"id":3290,"href":"https:\/\/ramblingrose.ch\/index.php?rest_route=\/wp\/v2\/pages\/115\/revisions\/3290"}],"wp:attachment":[{"href":"https:\/\/ramblingrose.ch\/index.php?rest_route=%2Fwp%2Fv2%2Fmedia&parent=115"}],"curies":[{"name":"wp","href":"https:\/\/api.w.org\/{rel}","templated":true}]}}